{"id":408,"date":"2020-05-29T16:57:16","date_gmt":"2020-05-29T14:57:16","guid":{"rendered":"https:\/\/windwaveclub.com\/new\/?page_id=408"},"modified":"2021-05-16T23:56:50","modified_gmt":"2021-05-16T21:56:50","slug":"news","status":"publish","type":"page","link":"https:\/\/windwaveclub.com\/en\/news\/","title":{"rendered":"News"},"content":{"rendered":"\t\t<div data-elementor-type=\"wp-page\" data-elementor-id=\"408\" class=\"elementor elementor-408\">\n\t\t\t\t\t\t<div class=\"elementor-inner\">\n\t\t\t\t<div class=\"elementor-section-wrap\">\n\t\t\t\t\t\t\t\t\t<section class=\"elementor-section elementor-top-section elementor-element elementor-element-225b8eab elementor-section-height-min-height elementor-section-boxed elementor-section-height-default elementor-section-items-middle\" data-id=\"225b8eab\" data-element_type=\"section\" data-settings=\"{&quot;background_background&quot;:&quot;classic&quot;}\">\n\t\t\t\t\t\t\t<div class=\"elementor-background-overlay\"><\/div>\n\t\t\t\t\t\t\t<div class=\"elementor-container elementor-column-gap-default\">\n\t\t\t\t\t\t\t<div class=\"elementor-row\">\n\t\t\t\t\t<div class=\"elementor-column elementor-col-100 elementor-top-column elementor-element elementor-element-5b811826\" data-id=\"5b811826\" data-element_type=\"column\">\n\t\t\t<div class=\"elementor-column-wrap elementor-element-populated\">\n\t\t\t\t\t\t\t<div class=\"elementor-widget-wrap\">\n\t\t\t\t\t\t<section class=\"elementor-section elementor-inner-section elementor-element elementor-element-584f2865 elementor-section-content-middle elementor-section-boxed elementor-section-height-default elementor-section-height-default\" data-id=\"584f2865\" data-element_type=\"section\">\n\t\t\t\t\t\t<div class=\"elementor-container elementor-column-gap-default\">\n\t\t\t\t\t\t\t<div class=\"elementor-row\">\n\t\t\t\t\t<div class=\"elementor-column elementor-col-100 elementor-inner-column elementor-element elementor-element-4b1f897e\" data-id=\"4b1f897e\" data-element_type=\"column\">\n\t\t\t<div class=\"elementor-column-wrap elementor-element-populated\">\n\t\t\t\t\t\t\t<div class=\"elementor-widget-wrap\">\n\t\t\t\t\t\t<div class=\"elementor-element elementor-element-487af0a2 elementor-widget elementor-widget-heading\" data-id=\"487af0a2\" data-element_type=\"widget\" data-widget_type=\"heading.default\">\n\t\t\t\t<div class=\"elementor-widget-container\">\n\t\t\t<h1 class=\"elementor-heading-title elementor-size-xxl\">chia<\/h1>\t\t<\/div>\n\t\t\t\t<\/div>\n\t\t\t\t<div class=\"elementor-element elementor-element-6705a564 elementor-widget elementor-widget-heading\" data-id=\"6705a564\" data-element_type=\"widget\" data-widget_type=\"heading.default\">\n\t\t\t\t<div class=\"elementor-widget-container\">\n\t\t\t<h2 class=\"elementor-heading-title elementor-size-default\">WIND WAVE CLUB\u200b<\/h2>\t\t<\/div>\n\t\t\t\t<\/div>\n\t\t\t\t<div class=\"elementor-element elementor-element-15bc1659 elementor-widget elementor-widget-text-editor\" data-id=\"15bc1659\" data-element_type=\"widget\" data-widget_type=\"text-editor.default\">\n\t\t\t\t<div class=\"elementor-widget-container\">\n\t\t\t\t\t\t\t\t<div class=\"elementor-text-editor elementor-clearfix\">\n\t\t\t\t<p>news<\/p>\t\t\t\t\t<\/div>\n\t\t\t\t\t\t<\/div>\n\t\t\t\t<\/div>\n\t\t\t\t<div class=\"elementor-element elementor-element-62b546a0 elementor-widget-divider--view-line elementor-invisible elementor-widget elementor-widget-divider\" data-id=\"62b546a0\" data-element_type=\"widget\" data-settings=\"{&quot;_animation&quot;:&quot;rollIn&quot;}\" data-widget_type=\"divider.default\">\n\t\t\t\t<div class=\"elementor-widget-container\">\n\t\t\t\t\t<div class=\"elementor-divider\">\n\t\t\t<span class=\"elementor-divider-separator\">\n\t\t\t\t\t\t<\/span>\n\t\t<\/div>\n\t\t\t\t<\/div>\n\t\t\t\t<\/div>\n\t\t\t\t\t\t<\/div>\n\t\t\t\t\t<\/div>\n\t\t<\/div>\n\t\t\t\t\t\t\t\t<\/div>\n\t\t\t\t\t<\/div>\n\t\t<\/section>\n\t\t\t\t\t\t<\/div>\n\t\t\t\t\t<\/div>\n\t\t<\/div>\n\t\t\t\t\t\t\t\t<\/div>\n\t\t\t\t\t<\/div>\n\t\t<\/section>\n\t\t\t\t<section class=\"elementor-section elementor-top-section elementor-element elementor-element-3d5e680c elementor-section-content-middle animated-slow elementor-section-boxed elementor-section-height-default elementor-section-height-default elementor-invisible\" data-id=\"3d5e680c\" data-element_type=\"section\" data-settings=\"{&quot;background_background&quot;:&quot;classic&quot;,&quot;animation&quot;:&quot;fadeIn&quot;,&quot;shape_divider_top&quot;:&quot;tilt&quot;}\">\n\t\t\t\t\t<div class=\"elementor-shape elementor-shape-top\" data-negative=\"false\">\n\t\t\t<svg xmlns=\"http:\/\/www.w3.org\/2000\/svg\" viewBox=\"0 0 1000 100\" preserveAspectRatio=\"none\">\n\t<path class=\"elementor-shape-fill\" d=\"M0,6V0h1000v100L0,6z\"\/>\n<\/svg>\t\t<\/div>\n\t\t\t\t\t<div class=\"elementor-container elementor-column-gap-default\">\n\t\t\t\t\t\t\t<div class=\"elementor-row\">\n\t\t\t\t\t<div class=\"elementor-column elementor-col-50 elementor-top-column elementor-element elementor-element-44db7d87 elementor-invisible\" data-id=\"44db7d87\" data-element_type=\"column\" data-settings=\"{&quot;animation&quot;:&quot;fadeInLeft&quot;}\">\n\t\t\t<div class=\"elementor-column-wrap elementor-element-populated\">\n\t\t\t\t\t\t\t<div class=\"elementor-widget-wrap\">\n\t\t\t\t\t\t<section class=\"elementor-section elementor-inner-section elementor-element elementor-element-641e5d87 elementor-section-content-middle elementor-section-boxed elementor-section-height-default elementor-section-height-default\" data-id=\"641e5d87\" data-element_type=\"section\">\n\t\t\t\t\t\t<div class=\"elementor-container elementor-column-gap-no\">\n\t\t\t\t\t\t\t<div class=\"elementor-row\">\n\t\t\t\t\t<div class=\"elementor-column elementor-col-100 elementor-inner-column elementor-element elementor-element-2506ad36\" data-id=\"2506ad36\" data-element_type=\"column\">\n\t\t\t<div class=\"elementor-column-wrap elementor-element-populated\">\n\t\t\t\t\t\t\t<div class=\"elementor-widget-wrap\">\n\t\t\t\t\t\t<div class=\"elementor-element elementor-element-38e8a3a5 elementor-invisible elementor-widget elementor-widget-heading\" data-id=\"38e8a3a5\" data-element_type=\"widget\" data-settings=\"{&quot;_animation&quot;:&quot;fadeInLeft&quot;}\" data-widget_type=\"heading.default\">\n\t\t\t\t<div class=\"elementor-widget-container\">\n\t\t\t<h2 class=\"elementor-heading-title elementor-size-default\">OUR blog<\/h2>\t\t<\/div>\n\t\t\t\t<\/div>\n\t\t\t\t\t\t<\/div>\n\t\t\t\t\t<\/div>\n\t\t<\/div>\n\t\t\t\t\t\t\t\t<\/div>\n\t\t\t\t\t<\/div>\n\t\t<\/section>\n\t\t\t\t\t\t<\/div>\n\t\t\t\t\t<\/div>\n\t\t<\/div>\n\t\t\t\t<div class=\"elementor-column elementor-col-50 elementor-top-column elementor-element elementor-element-1733e04e elementor-invisible\" data-id=\"1733e04e\" data-element_type=\"column\" data-settings=\"{&quot;animation&quot;:&quot;fadeInRight&quot;}\">\n\t\t\t<div class=\"elementor-column-wrap\">\n\t\t\t\t\t\t\t<div class=\"elementor-widget-wrap\">\n\t\t\t\t\t\t\t\t<\/div>\n\t\t\t\t\t<\/div>\n\t\t<\/div>\n\t\t\t\t\t\t\t\t<\/div>\n\t\t\t\t\t<\/div>\n\t\t<\/section>\n\t\t\t\t<section class=\"elementor-section elementor-top-section elementor-element elementor-element-454bc0e0 elementor-section-height-min-height elementor-section-boxed elementor-section-height-default elementor-section-items-middle elementor-invisible\" data-id=\"454bc0e0\" data-element_type=\"section\" data-settings=\"{&quot;background_background&quot;:&quot;classic&quot;,&quot;animation&quot;:&quot;fadeIn&quot;}\">\n\t\t\t\t\t\t\t<div class=\"elementor-background-overlay\"><\/div>\n\t\t\t\t\t\t\t<div class=\"elementor-container elementor-column-gap-default\">\n\t\t\t\t\t\t\t<div class=\"elementor-row\">\n\t\t\t\t\t<div class=\"elementor-column elementor-col-100 elementor-top-column elementor-element elementor-element-5e462f00\" data-id=\"5e462f00\" data-element_type=\"column\">\n\t\t\t<div class=\"elementor-column-wrap elementor-element-populated\">\n\t\t\t\t\t\t\t<div class=\"elementor-widget-wrap\">\n\t\t\t\t\t\t<section class=\"elementor-section elementor-inner-section elementor-element elementor-element-187ed73e elementor-section-boxed elementor-section-height-default elementor-section-height-default elementor-invisible\" data-id=\"187ed73e\" data-element_type=\"section\" data-settings=\"{&quot;animation&quot;:&quot;fadeInUp&quot;}\">\n\t\t\t\t\t\t<div class=\"elementor-container elementor-column-gap-default\">\n\t\t\t\t\t\t\t<div class=\"elementor-row\">\n\t\t\t\t\t<div class=\"elementor-column elementor-col-100 elementor-inner-column elementor-element elementor-element-6e48f814\" data-id=\"6e48f814\" data-element_type=\"column\">\n\t\t\t<div class=\"elementor-column-wrap elementor-element-populated\">\n\t\t\t\t\t\t\t<div class=\"elementor-widget-wrap\">\n\t\t\t\t\t\t<div class=\"elementor-element elementor-element-30a40c9 elementor-grid-tablet-3 elementor-grid-3 elementor-grid-mobile-1 elementor-posts--thumbnail-top elementor-posts--show-avatar elementor-card-shadow-yes elementor-posts__hover-gradient elementor-widget elementor-widget-posts\" data-id=\"30a40c9\" data-element_type=\"widget\" data-settings=\"{&quot;cards_masonry&quot;:&quot;yes&quot;,&quot;pagination_type&quot;:&quot;prev_next&quot;,&quot;cards_columns_tablet&quot;:&quot;3&quot;,&quot;cards_columns&quot;:&quot;3&quot;,&quot;cards_columns_mobile&quot;:&quot;1&quot;,&quot;cards_row_gap&quot;:{&quot;unit&quot;:&quot;px&quot;,&quot;size&quot;:35,&quot;sizes&quot;:[]},&quot;cards_row_gap_tablet&quot;:{&quot;unit&quot;:&quot;px&quot;,&quot;size&quot;:&quot;&quot;,&quot;sizes&quot;:[]},&quot;cards_row_gap_mobile&quot;:{&quot;unit&quot;:&quot;px&quot;,&quot;size&quot;:&quot;&quot;,&quot;sizes&quot;:[]}}\" data-widget_type=\"posts.cards\">\n\t\t\t\t<div class=\"elementor-widget-container\">\n\t\t\t\t\t<div class=\"elementor-posts-container elementor-posts elementor-posts--skin-cards elementor-grid\">\n\t\t\t\t<article class=\"elementor-post elementor-grid-item post-396 post type-post status-publish format-standard has-post-thumbnail hentry category-news\">\n\t\t\t<div class=\"elementor-post__card\">\n\t\t\t\t<a class=\"elementor-post__thumbnail__link\" href=\"https:\/\/windwaveclub.com\/en\/2018\/11\/26\/sandro-campione-italiano-kite-wave-2018-a-chia\/\" ><div class=\"elementor-post__thumbnail\"><img loading=\"lazy\" decoding=\"async\" width=\"300\" height=\"225\" src=\"https:\/\/windwaveclub.com\/en\/wp-content\/uploads\/sites\/2\/2018\/11\/WhatsApp-Image-2018-11-26-at-21.27.54-1024x768-1-300x225.jpeg\" class=\"attachment-medium size-medium wp-image-402\" alt=\"\" srcset=\"https:\/\/windwaveclub.com\/en\/wp-content\/uploads\/sites\/2\/2018\/11\/WhatsApp-Image-2018-11-26-at-21.27.54-1024x768-1-300x225.jpeg 300w, https:\/\/windwaveclub.com\/en\/wp-content\/uploads\/sites\/2\/2018\/11\/WhatsApp-Image-2018-11-26-at-21.27.54-1024x768-1-768x576.jpeg 768w, https:\/\/windwaveclub.com\/en\/wp-content\/uploads\/sites\/2\/2018\/11\/WhatsApp-Image-2018-11-26-at-21.27.54-1024x768-1.jpeg 1024w\" sizes=\"auto, (max-width: 300px) 100vw, 300px\" \/><\/div><\/a>\n\t\t\t\t<div class=\"elementor-post__badge\">News<\/div>\n\t\t\t\t<div class=\"elementor-post__avatar\">\n\t\t\t<img alt='windwaveclub' src='https:\/\/secure.gravatar.com\/avatar\/f937715fb1c32252bfba3eccfaa0cc4adcd3cc29066a07392c75e372d172891d?s=128&#038;d=mm&#038;r=g' srcset='https:\/\/secure.gravatar.com\/avatar\/f937715fb1c32252bfba3eccfaa0cc4adcd3cc29066a07392c75e372d172891d?s=256&#038;d=mm&#038;r=g 2x' class='avatar avatar-128 photo' height='128' width='128' \/>\t\t<\/div>\n\t\t\t\t<div class=\"elementor-post__text\">\n\t\t\t\t<h3 class=\"elementor-post__title\">\n\t\t\t<a href=\"https:\/\/windwaveclub.com\/en\/2018\/11\/26\/sandro-campione-italiano-kite-wave-2018-a-chia\/\" >\n\t\t\t\tSandro Campione Italiano Kite Wave 2018 a Chia\t\t\t<\/a>\n\t\t<\/h3>\n\t\t\t\t<div class=\"elementor-post__excerpt\">\n\t\t\t<p>Il 18 Novembre si \u00e8 svolta la tappa finale del Campionato Italiano Kite Wave\u00a0proprio nel bellissimo territorio di Chia, a pochi passi dalla nostra scuola<\/p>\n\t\t<\/div>\n\t\t\n\t\t<a class=\"elementor-post__read-more\" href=\"https:\/\/windwaveclub.com\/en\/2018\/11\/26\/sandro-campione-italiano-kite-wave-2018-a-chia\/\" >\n\t\t\tLeggi Tutto \u00bb\t\t<\/a>\n\n\t\t\t\t<\/div>\n\t\t\t\t<div class=\"elementor-post__meta-data\">\n\t\t\t\t\t<span class=\"elementor-post-date\">\n\t\t\t26 November 2018\t\t<\/span>\n\t\t\t\t<span class=\"elementor-post-avatar\">\n\t\t\tNo Comments\t\t<\/span>\n\t\t\t\t<\/div>\n\t\t\t\t\t<\/div>\n\t\t<\/article>\n\t\t\t\t<article class=\"elementor-post elementor-grid-item post-372 post type-post status-publish format-standard has-post-thumbnail hentry category-news\">\n\t\t\t<div class=\"elementor-post__card\">\n\t\t\t\t<a class=\"elementor-post__thumbnail__link\" href=\"https:\/\/windwaveclub.com\/en\/2017\/09\/22\/regata-off-shore-del-mediterraneo\/\" ><div class=\"elementor-post__thumbnail\"><img loading=\"lazy\" decoding=\"async\" width=\"300\" height=\"169\" src=\"https:\/\/windwaveclub.com\/en\/wp-content\/uploads\/sites\/2\/2017\/09\/Foto-Antonio-Laser-1024x576-1-300x169.jpg\" class=\"attachment-medium size-medium wp-image-397\" alt=\"\" srcset=\"https:\/\/windwaveclub.com\/en\/wp-content\/uploads\/sites\/2\/2017\/09\/Foto-Antonio-Laser-1024x576-1-300x169.jpg 300w, https:\/\/windwaveclub.com\/en\/wp-content\/uploads\/sites\/2\/2017\/09\/Foto-Antonio-Laser-1024x576-1-768x432.jpg 768w, https:\/\/windwaveclub.com\/en\/wp-content\/uploads\/sites\/2\/2017\/09\/Foto-Antonio-Laser-1024x576-1.jpg 1024w\" sizes=\"auto, (max-width: 300px) 100vw, 300px\" \/><\/div><\/a>\n\t\t\t\t<div class=\"elementor-post__badge\">News<\/div>\n\t\t\t\t<div class=\"elementor-post__avatar\">\n\t\t\t<img alt='windwaveclub' src='https:\/\/secure.gravatar.com\/avatar\/f937715fb1c32252bfba3eccfaa0cc4adcd3cc29066a07392c75e372d172891d?s=128&#038;d=mm&#038;r=g' srcset='https:\/\/secure.gravatar.com\/avatar\/f937715fb1c32252bfba3eccfaa0cc4adcd3cc29066a07392c75e372d172891d?s=256&#038;d=mm&#038;r=g 2x' class='avatar avatar-128 photo' height='128' width='128' \/>\t\t<\/div>\n\t\t\t\t<div class=\"elementor-post__text\">\n\t\t\t\t<h3 class=\"elementor-post__title\">\n\t\t\t<a href=\"https:\/\/windwaveclub.com\/en\/2017\/09\/22\/regata-off-shore-del-mediterraneo\/\" >\n\t\t\t\tRegata off shore del Mediterraneo\t\t\t<\/a>\n\t\t<\/h3>\n\t\t\t\t<div class=\"elementor-post__excerpt\">\n\t\t\t<p>Regata off shore del Mediterraneo (2017) Al Via la 13esima edizione di una delle regate pi\u00f9 avvincenti di tutto il mondo, la regata d&#8217;altura Palermo-Montecarlo.<\/p>\n\t\t<\/div>\n\t\t\n\t\t<a class=\"elementor-post__read-more\" href=\"https:\/\/windwaveclub.com\/en\/2017\/09\/22\/regata-off-shore-del-mediterraneo\/\" >\n\t\t\tLeggi Tutto \u00bb\t\t<\/a>\n\n\t\t\t\t<\/div>\n\t\t\t\t<div class=\"elementor-post__meta-data\">\n\t\t\t\t\t<span class=\"elementor-post-date\">\n\t\t\t22 September 2017\t\t<\/span>\n\t\t\t\t<span class=\"elementor-post-avatar\">\n\t\t\tNo Comments\t\t<\/span>\n\t\t\t\t<\/div>\n\t\t\t\t\t<\/div>\n\t\t<\/article>\n\t\t\t\t<article class=\"elementor-post elementor-grid-item post-371 post type-post status-publish format-standard has-post-thumbnail hentry category-news\">\n\t\t\t<div class=\"elementor-post__card\">\n\t\t\t\t<a class=\"elementor-post__thumbnail__link\" href=\"https:\/\/windwaveclub.com\/en\/2017\/09\/06\/chia-miglior-spot-dove-fare-kitesurf-e-windsurf\/\" ><div class=\"elementor-post__thumbnail\"><img loading=\"lazy\" decoding=\"async\" width=\"300\" height=\"183\" src=\"https:\/\/windwaveclub.com\/en\/wp-content\/uploads\/sites\/2\/2017\/09\/Foto-Wind-Wave-Club-Chia-1024x624-1-300x183.jpg\" class=\"attachment-medium size-medium wp-image-403\" alt=\"\" srcset=\"https:\/\/windwaveclub.com\/en\/wp-content\/uploads\/sites\/2\/2017\/09\/Foto-Wind-Wave-Club-Chia-1024x624-1-300x183.jpg 300w, https:\/\/windwaveclub.com\/en\/wp-content\/uploads\/sites\/2\/2017\/09\/Foto-Wind-Wave-Club-Chia-1024x624-1-768x468.jpg 768w, https:\/\/windwaveclub.com\/en\/wp-content\/uploads\/sites\/2\/2017\/09\/Foto-Wind-Wave-Club-Chia-1024x624-1.jpg 1024w\" sizes=\"auto, (max-width: 300px) 100vw, 300px\" \/><\/div><\/a>\n\t\t\t\t<div class=\"elementor-post__badge\">News<\/div>\n\t\t\t\t<div class=\"elementor-post__avatar\">\n\t\t\t<img alt='windwaveclub' src='https:\/\/secure.gravatar.com\/avatar\/f937715fb1c32252bfba3eccfaa0cc4adcd3cc29066a07392c75e372d172891d?s=128&#038;d=mm&#038;r=g' srcset='https:\/\/secure.gravatar.com\/avatar\/f937715fb1c32252bfba3eccfaa0cc4adcd3cc29066a07392c75e372d172891d?s=256&#038;d=mm&#038;r=g 2x' class='avatar avatar-128 photo' height='128' width='128' \/>\t\t<\/div>\n\t\t\t\t<div class=\"elementor-post__text\">\n\t\t\t\t<h3 class=\"elementor-post__title\">\n\t\t\t<a href=\"https:\/\/windwaveclub.com\/en\/2017\/09\/06\/chia-miglior-spot-dove-fare-kitesurf-e-windsurf\/\" >\n\t\t\t\tChia &#8211; Miglior Spot dove fare Kitesurf e Windsurf\t\t\t<\/a>\n\t\t<\/h3>\n\t\t\t\t<div class=\"elementor-post__excerpt\">\n\t\t\t<p>Chia &#8211; Miglior spot dove fare Kitesurf e Windsurf Qual&#8217;\u00e8 il miglior spot per fare Kitesurf e Windsurf in Sardegna? Chia \u00e8 una meravigliosa localit\u00e0<\/p>\n\t\t<\/div>\n\t\t\n\t\t<a class=\"elementor-post__read-more\" href=\"https:\/\/windwaveclub.com\/en\/2017\/09\/06\/chia-miglior-spot-dove-fare-kitesurf-e-windsurf\/\" >\n\t\t\tLeggi Tutto \u00bb\t\t<\/a>\n\n\t\t\t\t<\/div>\n\t\t\t\t<div class=\"elementor-post__meta-data\">\n\t\t\t\t\t<span class=\"elementor-post-date\">\n\t\t\t6 September 2017\t\t<\/span>\n\t\t\t\t<span class=\"elementor-post-avatar\">\n\t\t\tNo Comments\t\t<\/span>\n\t\t\t\t<\/div>\n\t\t\t\t\t<\/div>\n\t\t<\/article>\n\t\t\t\t<article class=\"elementor-post elementor-grid-item post-271 post type-post status-publish format-standard has-post-thumbnail hentry category-news\">\n\t\t\t<div class=\"elementor-post__card\">\n\t\t\t\t<a class=\"elementor-post__thumbnail__link\" href=\"https:\/\/windwaveclub.com\/en\/2017\/07\/14\/sandro-pisu-fa-faville-al-tarifa-strapless-kitesurf-pro\/\" ><div class=\"elementor-post__thumbnail\"><img loading=\"lazy\" decoding=\"async\" width=\"300\" height=\"171\" src=\"https:\/\/windwaveclub.com\/en\/wp-content\/uploads\/sites\/2\/2017\/07\/Foto-Sandro-Tarifa-blog-1024x582-1-300x171.jpg\" class=\"attachment-medium size-medium wp-image-405\" alt=\"\" srcset=\"https:\/\/windwaveclub.com\/en\/wp-content\/uploads\/sites\/2\/2017\/07\/Foto-Sandro-Tarifa-blog-1024x582-1-300x171.jpg 300w, https:\/\/windwaveclub.com\/en\/wp-content\/uploads\/sites\/2\/2017\/07\/Foto-Sandro-Tarifa-blog-1024x582-1-768x437.jpg 768w, https:\/\/windwaveclub.com\/en\/wp-content\/uploads\/sites\/2\/2017\/07\/Foto-Sandro-Tarifa-blog-1024x582-1.jpg 1024w\" sizes=\"auto, (max-width: 300px) 100vw, 300px\" \/><\/div><\/a>\n\t\t\t\t<div class=\"elementor-post__badge\">News<\/div>\n\t\t\t\t<div class=\"elementor-post__avatar\">\n\t\t\t<img alt='windwaveclub' src='https:\/\/secure.gravatar.com\/avatar\/f937715fb1c32252bfba3eccfaa0cc4adcd3cc29066a07392c75e372d172891d?s=128&#038;d=mm&#038;r=g' srcset='https:\/\/secure.gravatar.com\/avatar\/f937715fb1c32252bfba3eccfaa0cc4adcd3cc29066a07392c75e372d172891d?s=256&#038;d=mm&#038;r=g 2x' class='avatar avatar-128 photo' height='128' width='128' \/>\t\t<\/div>\n\t\t\t\t<div class=\"elementor-post__text\">\n\t\t\t\t<h3 class=\"elementor-post__title\">\n\t\t\t<a href=\"https:\/\/windwaveclub.com\/en\/2017\/07\/14\/sandro-pisu-fa-faville-al-tarifa-strapless-kitesurf-pro\/\" >\n\t\t\t\tSandro Pisu fa faville al Tarifa Strapless Kitesurf Pro\t\t\t<\/a>\n\t\t<\/h3>\n\t\t\t\t<div class=\"elementor-post__excerpt\">\n\t\t\t<p>Grande prova per il\u00a0nostro Sandro Pisu, membro del team kitesurf del Wipeout Boardshop e\u00a0sponsorizzato da Ion, North\u00a0 Kiteboarding e dal Wind wave club di Chia.<\/p>\n\t\t<\/div>\n\t\t\n\t\t<a class=\"elementor-post__read-more\" href=\"https:\/\/windwaveclub.com\/en\/2017\/07\/14\/sandro-pisu-fa-faville-al-tarifa-strapless-kitesurf-pro\/\" >\n\t\t\tLeggi Tutto \u00bb\t\t<\/a>\n\n\t\t\t\t<\/div>\n\t\t\t\t<div class=\"elementor-post__meta-data\">\n\t\t\t\t\t<span class=\"elementor-post-date\">\n\t\t\t14 July 2017\t\t<\/span>\n\t\t\t\t<span class=\"elementor-post-avatar\">\n\t\t\tNo Comments\t\t<\/span>\n\t\t\t\t<\/div>\n\t\t\t\t\t<\/div>\n\t\t<\/article>\n\t\t\t\t<article class=\"elementor-post elementor-grid-item post-270 post type-post status-publish format-standard has-post-thumbnail hentry category-news\">\n\t\t\t<div class=\"elementor-post__card\">\n\t\t\t\t<a class=\"elementor-post__thumbnail__link\" href=\"https:\/\/windwaveclub.com\/en\/2017\/07\/14\/lezioni-di-strapless\/\" ><div class=\"elementor-post__thumbnail\"><img loading=\"lazy\" decoding=\"async\" width=\"300\" height=\"171\" src=\"https:\/\/windwaveclub.com\/en\/wp-content\/uploads\/sites\/2\/2017\/07\/Foto-Blog-Art.1-1024x582-1-300x171.jpg\" class=\"attachment-medium size-medium wp-image-406\" alt=\"\" srcset=\"https:\/\/windwaveclub.com\/en\/wp-content\/uploads\/sites\/2\/2017\/07\/Foto-Blog-Art.1-1024x582-1-300x171.jpg 300w, https:\/\/windwaveclub.com\/en\/wp-content\/uploads\/sites\/2\/2017\/07\/Foto-Blog-Art.1-1024x582-1-768x437.jpg 768w, https:\/\/windwaveclub.com\/en\/wp-content\/uploads\/sites\/2\/2017\/07\/Foto-Blog-Art.1-1024x582-1.jpg 1024w\" sizes=\"auto, (max-width: 300px) 100vw, 300px\" \/><\/div><\/a>\n\t\t\t\t<div class=\"elementor-post__badge\">News<\/div>\n\t\t\t\t<div class=\"elementor-post__avatar\">\n\t\t\t<img alt='windwaveclub' src='https:\/\/secure.gravatar.com\/avatar\/f937715fb1c32252bfba3eccfaa0cc4adcd3cc29066a07392c75e372d172891d?s=128&#038;d=mm&#038;r=g' srcset='https:\/\/secure.gravatar.com\/avatar\/f937715fb1c32252bfba3eccfaa0cc4adcd3cc29066a07392c75e372d172891d?s=256&#038;d=mm&#038;r=g 2x' class='avatar avatar-128 photo' height='128' width='128' \/>\t\t<\/div>\n\t\t\t\t<div class=\"elementor-post__text\">\n\t\t\t\t<h3 class=\"elementor-post__title\">\n\t\t\t<a href=\"https:\/\/windwaveclub.com\/en\/2017\/07\/14\/lezioni-di-strapless\/\" >\n\t\t\t\tPrimi passi strapless\t\t\t<\/a>\n\t\t<\/h3>\n\t\t\t\t<div class=\"elementor-post__excerpt\">\n\t\t\t<p>Mi chiamo Sandro e faccio parte del team North-kiteboarding-Ion-Wipeout Boardshop Italia. Vivo nel Sud Sardegna dove le condizioni non mancano quasi ma. Ho iniziato la<\/p>\n\t\t<\/div>\n\t\t\n\t\t<a class=\"elementor-post__read-more\" href=\"https:\/\/windwaveclub.com\/en\/2017\/07\/14\/lezioni-di-strapless\/\" >\n\t\t\tLeggi Tutto \u00bb\t\t<\/a>\n\n\t\t\t\t<\/div>\n\t\t\t\t<div class=\"elementor-post__meta-data\">\n\t\t\t\t\t<span class=\"elementor-post-date\">\n\t\t\t14 July 2017\t\t<\/span>\n\t\t\t\t<span class=\"elementor-post-avatar\">\n\t\t\tNo Comments\t\t<\/span>\n\t\t\t\t<\/div>\n\t\t\t\t\t<\/div>\n\t\t<\/article>\n\t\t\t\t<article class=\"elementor-post elementor-grid-item post-262 post type-post status-publish format-standard has-post-thumbnail hentry category-news\">\n\t\t\t<div class=\"elementor-post__card\">\n\t\t\t\t<a class=\"elementor-post__thumbnail__link\" href=\"https:\/\/windwaveclub.com\/en\/2017\/07\/13\/sandro-e-il-suo-ingresso-nelle-competizioni-internazionali\/\" ><div class=\"elementor-post__thumbnail\"><img loading=\"lazy\" decoding=\"async\" width=\"300\" height=\"169\" src=\"https:\/\/windwaveclub.com\/en\/wp-content\/uploads\/sites\/2\/2017\/07\/fOTO-TARIFA-SANDRO-1920X1080-1024x576-1-300x169.jpg\" class=\"attachment-medium size-medium wp-image-407\" alt=\"\" srcset=\"https:\/\/windwaveclub.com\/en\/wp-content\/uploads\/sites\/2\/2017\/07\/fOTO-TARIFA-SANDRO-1920X1080-1024x576-1-300x169.jpg 300w, https:\/\/windwaveclub.com\/en\/wp-content\/uploads\/sites\/2\/2017\/07\/fOTO-TARIFA-SANDRO-1920X1080-1024x576-1-768x432.jpg 768w, https:\/\/windwaveclub.com\/en\/wp-content\/uploads\/sites\/2\/2017\/07\/fOTO-TARIFA-SANDRO-1920X1080-1024x576-1.jpg 1024w\" sizes=\"auto, (max-width: 300px) 100vw, 300px\" \/><\/div><\/a>\n\t\t\t\t<div class=\"elementor-post__badge\">News<\/div>\n\t\t\t\t<div class=\"elementor-post__avatar\">\n\t\t\t<img alt='windwaveclub' src='https:\/\/secure.gravatar.com\/avatar\/f937715fb1c32252bfba3eccfaa0cc4adcd3cc29066a07392c75e372d172891d?s=128&#038;d=mm&#038;r=g' srcset='https:\/\/secure.gravatar.com\/avatar\/f937715fb1c32252bfba3eccfaa0cc4adcd3cc29066a07392c75e372d172891d?s=256&#038;d=mm&#038;r=g 2x' class='avatar avatar-128 photo' height='128' width='128' \/>\t\t<\/div>\n\t\t\t\t<div class=\"elementor-post__text\">\n\t\t\t\t<h3 class=\"elementor-post__title\">\n\t\t\t<a href=\"https:\/\/windwaveclub.com\/en\/2017\/07\/13\/sandro-e-il-suo-ingresso-nelle-competizioni-internazionali\/\" >\n\t\t\t\tSandro e il suo ingresso nelle competizioni internazionali\t\t\t<\/a>\n\t\t<\/h3>\n\t\t\t\t<div class=\"elementor-post__excerpt\">\n\t\t\t<p>Come ti sei avvicinato al kitesurf? Ho iniziato a fare kite nell\u2019estate del 2009 grazie a mio fratello che lo praticava gi\u00e0 da due anni.<\/p>\n\t\t<\/div>\n\t\t\n\t\t<a class=\"elementor-post__read-more\" href=\"https:\/\/windwaveclub.com\/en\/2017\/07\/13\/sandro-e-il-suo-ingresso-nelle-competizioni-internazionali\/\" >\n\t\t\tLeggi Tutto \u00bb\t\t<\/a>\n\n\t\t\t\t<\/div>\n\t\t\t\t<div class=\"elementor-post__meta-data\">\n\t\t\t\t\t<span class=\"elementor-post-date\">\n\t\t\t13 July 2017\t\t<\/span>\n\t\t\t\t<span class=\"elementor-post-avatar\">\n\t\t\tNo Comments\t\t<\/span>\n\t\t\t\t<\/div>\n\t\t\t\t\t<\/div>\n\t\t<\/article>\n\t\t\t\t<\/div>\n\t\t\n\t\t\t\t<\/div>\n\t\t\t\t<\/div>\n\t\t\t\t\t\t<\/div>\n\t\t\t\t\t<\/div>\n\t\t<\/div>\n\t\t\t\t\t\t\t\t<\/div>\n\t\t\t\t\t<\/div>\n\t\t<\/section>\n\t\t\t\t\t\t<\/div>\n\t\t\t\t\t<\/div>\n\t\t<\/div>\n\t\t\t\t\t\t\t\t<\/div>\n\t\t\t\t\t<\/div>\n\t\t<\/section>\n\t\t\t\t\t\t\t\t\t<\/div>\n\t\t\t<\/div>\n\t\t\t\t\t<\/div>\n\t\t","protected":false},"excerpt":{"rendered":"<p>chia WIND WAVE CLUB\u200b news OUR blog<\/p>\n","protected":false},"author":1,"featured_media":0,"parent":0,"menu_order":0,"comment_status":"closed","ping_status":"closed","template":"elementor_header_footer","meta":{"footnotes":""},"class_list":["post-408","page","type-page","status-publish","hentry"],"_links":{"self":[{"href":"https:\/\/windwaveclub.com\/en\/wp-json\/wp\/v2\/pages\/408","targetHints":{"allow":["GET"]}}],"collection":[{"href":"https:\/\/windwaveclub.com\/en\/wp-json\/wp\/v2\/pages"}],"about":[{"href":"https:\/\/windwaveclub.com\/en\/wp-json\/wp\/v2\/types\/page"}],"author":[{"embeddable":true,"href":"https:\/\/windwaveclub.com\/en\/wp-json\/wp\/v2\/users\/1"}],"replies":[{"embeddable":true,"href":"https:\/\/windwaveclub.com\/en\/wp-json\/wp\/v2\/comments?post=408"}],"version-history":[{"count":3,"href":"https:\/\/windwaveclub.com\/en\/wp-json\/wp\/v2\/pages\/408\/revisions"}],"predecessor-version":[{"id":692,"href":"https:\/\/windwaveclub.com\/en\/wp-json\/wp\/v2\/pages\/408\/revisions\/692"}],"wp:attachment":[{"href":"https:\/\/windwaveclub.com\/en\/wp-json\/wp\/v2\/media?parent=408"}],"curies":[{"name":"wp","href":"https:\/\/api.w.org\/{rel}","templated":true}]}}